{"id":180,"date":"2022-05-31T13:45:37","date_gmt":"2022-05-31T11:45:37","guid":{"rendered":"https:\/\/terrildumartinet.be\/?page_id=180"},"modified":"2026-02-11T17:03:54","modified_gmt":"2026-02-11T16:03:54","slug":"la-zone-humide","status":"publish","type":"page","link":"https:\/\/quartierdumartinet.be\/index.php\/les-terrils\/la-zone-humide\/","title":{"rendered":"La zone humide"},"content":{"rendered":"\n<p>Aliment\u00e9e par les eaux de pluie, de suintement des talus bordant la zone et par une source, cette zone se trouve sur la plaine TLC, derri\u00e8re les anciens bureaux et laboratoires.<\/p>\n\n\n\n<p>On y observe des h\u00e9rons, des batraciens divers, dont les tritons palm\u00e9s, tritons alpestres ainsi que le crapaud accoucheur, remarquable car le m\u00e2le porte les \u0153ufs sur le dos, sans oublier les insectes comme les libellules, demoiselles,\u2026<\/p>\n\n\n\n<figure class=\"wp-block-gallery has-nested-images columns-default is-cropped wp-block-gallery-1 is-layout-flex wp-block-gallery-is-layout-flex\">\n<figure class=\"wp-block-image size-large\"><a href=\"https:\/\/www.natagora.be\/le-crapaud-accoucheur\" target=\"_blank\" rel=\"noreferrer noopener\"><img loading=\"lazy\" decoding=\"async\" width=\"500\" height=\"333\" data-id=\"181\" src=\"https:\/\/terrildumartinet.be\/wp-content\/uploads\/2022\/05\/crapaud-accoucheur.jpg\" alt=\"\" class=\"wp-image-181\" srcset=\"https:\/\/quartierdumartinet.be\/wp-content\/uploads\/2022\/05\/crapaud-accoucheur.jpg 500w, https:\/\/quartierdumartinet.be\/wp-content\/uploads\/2022\/05\/crapaud-accoucheur-300x200.jpg 300w\" sizes=\"auto, (max-width: 500px) 85vw, 500px\" \/><\/a><figcaption class=\"wp-element-caption\">Crapaud accoucheur<\/figcaption><\/figure>\n\n\n\n<figure class=\"wp-block-image size-large\"><a href=\"https:\/\/fr.wikipedia.org\/wiki\/Triton_(amphibien)\" target=\"_blank\" rel=\"noreferrer noopener\"><img loading=\"lazy\" decoding=\"async\" width=\"500\" height=\"375\" data-id=\"182\" src=\"https:\/\/terrildumartinet.be\/wp-content\/uploads\/2022\/05\/triton-alpestre.jpg\" alt=\"\" class=\"wp-image-182\" srcset=\"https:\/\/quartierdumartinet.be\/wp-content\/uploads\/2022\/05\/triton-alpestre.jpg 500w, https:\/\/quartierdumartinet.be\/wp-content\/uploads\/2022\/05\/triton-alpestre-300x225.jpg 300w\" sizes=\"auto, (max-width: 500px) 85vw, 500px\" \/><\/a><figcaption class=\"wp-element-caption\">Triton alpestre<\/figcaption><\/figure>\n\n\n\n<figure class=\"wp-block-image size-large\"><a href=\"https:\/\/fr.wikipedia.org\/wiki\/Houlque_laineuse\" target=\"_blank\" rel=\"noreferrer noopener\"><img loading=\"lazy\" decoding=\"async\" width=\"336\" height=\"448\" data-id=\"183\" src=\"https:\/\/terrildumartinet.be\/wp-content\/uploads\/2022\/05\/houlque-laineuse.jpg\" alt=\"\" class=\"wp-image-183\" srcset=\"https:\/\/quartierdumartinet.be\/wp-content\/uploads\/2022\/05\/houlque-laineuse.jpg 336w, https:\/\/quartierdumartinet.be\/wp-content\/uploads\/2022\/05\/houlque-laineuse-225x300.jpg 225w\" sizes=\"auto, (max-width: 336px) 85vw, 336px\" \/><\/a><figcaption class=\"wp-element-caption\">Houlque laineuse<\/figcaption><\/figure>\n\n\n\n<figure class=\"wp-block-image size-large\"><a href=\"https:\/\/www.oiseaux.net\/oiseaux\/heron.cendre.html\" target=\"_blank\" rel=\"noreferrer noopener\"><img loading=\"lazy\" decoding=\"async\" width=\"336\" height=\"348\" data-id=\"185\" src=\"https:\/\/terrildumartinet.be\/wp-content\/uploads\/2022\/05\/heron-cendre.jpg\" alt=\"\" class=\"wp-image-185\" srcset=\"https:\/\/quartierdumartinet.be\/wp-content\/uploads\/2022\/05\/heron-cendre.jpg 336w, https:\/\/quartierdumartinet.be\/wp-content\/uploads\/2022\/05\/heron-cendre-290x300.jpg 290w\" sizes=\"auto, (max-width: 336px) 85vw, 336px\" \/><\/a><figcaption class=\"wp-element-caption\">H\u00e9ron cendr\u00e9<\/figcaption><\/figure>\n\n\n\n<figure class=\"wp-block-image size-large\"><a href=\"https:\/\/fr.wikipedia.org\/wiki\/Odonata\" target=\"_blank\" rel=\"noreferrer noopener\"><img loading=\"lazy\" decoding=\"async\" width=\"130\" height=\"130\" data-id=\"184\" src=\"https:\/\/terrildumartinet.be\/wp-content\/uploads\/2022\/05\/libellule.jpg\" alt=\"\" class=\"wp-image-184\"\/><\/a><figcaption class=\"wp-element-caption\">Libellule<\/figcaption><\/figure>\n\n\n\n<figure class=\"wp-block-image size-large\"><a href=\"https:\/\/fr.wikipedia.org\/wiki\/Typha\" target=\"_blank\" rel=\"noreferrer noopener\"><img loading=\"lazy\" decoding=\"async\" width=\"500\" height=\"375\" data-id=\"186\" src=\"https:\/\/terrildumartinet.be\/wp-content\/uploads\/2022\/05\/typhaie.jpg\" alt=\"\" class=\"wp-image-186\" srcset=\"https:\/\/quartierdumartinet.be\/wp-content\/uploads\/2022\/05\/typhaie.jpg 500w, https:\/\/quartierdumartinet.be\/wp-content\/uploads\/2022\/05\/typhaie-300x225.jpg 300w\" sizes=\"auto, (max-width: 500px) 85vw, 500px\" \/><\/a><figcaption class=\"wp-element-caption\">Typhaie<\/figcaption><\/figure>\n<\/figure>\n\n\n\n<p>Ce verdoyant couloir est arbor\u00e9 par des peupliers tremble, des bouleaux, divers saules comme le saule marsault, saule des vanniers, saule pourpre, saule blanc, saule cendr\u00e9, saule \u00e0 oreillettes. On y trouve encore des roseaux, des fragments de typhaie \u00e0 massettes, des plainteaux d&rsquo;eau, divers joncs, la houlque laineuse,\u2026<\/p>\n","protected":false},"excerpt":{"rendered":"<p>Aliment\u00e9e par les eaux de pluie, de suintement des talus bordant la zone et par une source, cette zone se trouve sur la plaine TLC, derri\u00e8re les anciens bureaux et laboratoires. On y observe des h\u00e9rons, des batraciens divers, dont les tritons palm\u00e9s, tritons alpestres ainsi que le crapaud accoucheur, remarquable car le m\u00e2le porte &hellip; <a href=\"https:\/\/quartierdumartinet.be\/index.php\/les-terrils\/la-zone-humide\/\" class=\"more-link\">Continuer la lecture<span class=\"screen-reader-text\"> de &laquo;&nbsp;La zone humide&nbsp;&raquo;<\/span><\/a><\/p>\n","protected":false},"author":1,"featured_media":0,"parent":22,"menu_order":4,"comment_status":"closed","ping_status":"closed","template":"","meta":{"footnotes":""},"class_list":["post-180","page","type-page","status-publish","hentry"],"_links":{"self":[{"href":"https:\/\/quartierdumartinet.be\/index.php\/wp-json\/wp\/v2\/pages\/180","targetHints":{"allow":["GET"]}}],"collection":[{"href":"https:\/\/quartierdumartinet.be\/index.php\/wp-json\/wp\/v2\/pages"}],"about":[{"href":"https:\/\/quartierdumartinet.be\/index.php\/wp-json\/wp\/v2\/types\/page"}],"author":[{"embeddable":true,"href":"https:\/\/quartierdumartinet.be\/index.php\/wp-json\/wp\/v2\/users\/1"}],"replies":[{"embeddable":true,"href":"https:\/\/quartierdumartinet.be\/index.php\/wp-json\/wp\/v2\/comments?post=180"}],"version-history":[{"count":2,"href":"https:\/\/quartierdumartinet.be\/index.php\/wp-json\/wp\/v2\/pages\/180\/revisions"}],"predecessor-version":[{"id":2005,"href":"https:\/\/quartierdumartinet.be\/index.php\/wp-json\/wp\/v2\/pages\/180\/revisions\/2005"}],"up":[{"embeddable":true,"href":"https:\/\/quartierdumartinet.be\/index.php\/wp-json\/wp\/v2\/pages\/22"}],"wp:attachment":[{"href":"https:\/\/quartierdumartinet.be\/index.php\/wp-json\/wp\/v2\/media?parent=180"}],"curies":[{"name":"wp","href":"https:\/\/api.w.org\/{rel}","templated":true}]}}