{"id":192,"date":"2022-05-31T13:52:23","date_gmt":"2022-05-31T11:52:23","guid":{"rendered":"https:\/\/terrildumartinet.be\/?page_id=192"},"modified":"2026-02-11T17:51:26","modified_gmt":"2026-02-11T16:51:26","slug":"le-bassin-a-schlamms","status":"publish","type":"page","link":"https:\/\/quartierdumartinet.be\/index.php\/les-terrils\/le-bassin-a-schlamms\/","title":{"rendered":"Le bassin \u00e0 schlamms"},"content":{"rendered":"\n<p>Les \u00ab <em>schlamms <\/em>\u00bb (mot d\u2019origine allemande) d\u00e9signent le r\u00e9sidu de lavage des mati\u00e8res extraites de la mine apr\u00e8s d\u00e9cantation.<\/p>\n\n\n\n<figure class=\"wp-block-gallery has-nested-images columns-default is-cropped wp-block-gallery-1 is-layout-flex wp-block-gallery-is-layout-flex\">\n<figure class=\"wp-block-image size-large\"><a href=\"https:\/\/terrildumartinet.be\/wp-content\/uploads\/2022\/05\/hiver-vente-de-shlamm.jpg\"><img loading=\"lazy\" decoding=\"async\" width=\"1024\" height=\"690\" data-id=\"194\" src=\"https:\/\/terrildumartinet.be\/wp-content\/uploads\/2022\/05\/hiver-vente-de-shlamm-1024x690.jpg\" alt=\"\" class=\"wp-image-194\" srcset=\"https:\/\/quartierdumartinet.be\/wp-content\/uploads\/2022\/05\/hiver-vente-de-shlamm-1024x690.jpg 1024w, https:\/\/quartierdumartinet.be\/wp-content\/uploads\/2022\/05\/hiver-vente-de-shlamm-300x202.jpg 300w, https:\/\/quartierdumartinet.be\/wp-content\/uploads\/2022\/05\/hiver-vente-de-shlamm-768x518.jpg 768w, https:\/\/quartierdumartinet.be\/wp-content\/uploads\/2022\/05\/hiver-vente-de-shlamm.jpg 1181w\" sizes=\"auto, (max-width: 709px) 85vw, (max-width: 909px) 67vw, (max-width: 1362px) 62vw, 840px\" \/><\/a><figcaption class=\"wp-element-caption\">Ann\u00e9es 30 : vente de schlamm (entre le Gros Terril actuel et la Place)<\/figcaption><\/figure>\n\n\n\n<figure class=\"wp-block-image size-large\"><a href=\"https:\/\/terrildumartinet.be\/wp-content\/uploads\/2022\/05\/ramassage-schlamm-rgnw.jpg\"><img loading=\"lazy\" decoding=\"async\" width=\"336\" height=\"360\" data-id=\"193\" src=\"https:\/\/terrildumartinet.be\/wp-content\/uploads\/2022\/05\/ramassage-schlamm-rgnw.jpg\" alt=\"\" class=\"wp-image-193\" srcset=\"https:\/\/quartierdumartinet.be\/wp-content\/uploads\/2022\/05\/ramassage-schlamm-rgnw.jpg 336w, https:\/\/quartierdumartinet.be\/wp-content\/uploads\/2022\/05\/ramassage-schlamm-rgnw-280x300.jpg 280w\" sizes=\"auto, (max-width: 336px) 85vw, 336px\" \/><\/a><figcaption class=\"wp-element-caption\">Guerre 40-45, ramassage du schlamm<\/figcaption><\/figure>\n<\/figure>\n\n\n\n<p><br>Aujourd\u2019hui situ\u00e9s le long de la rue de Roux et de Marchiennes  ces terrains sont privatis\u00e9s et appartiennent \u00e0 la soci\u00e9t\u00e9 RENEWI. <br>Vu les difficult\u00e9s d&rsquo;approvisionnement en charbon durant la guerre, les riverains du charbonnage se rendaient pr\u00e8s des bassins de d\u00e9cantation pour y ramasser du schlamm. Pauvre en \u00e9nergie, la mati\u00e8re  apportait encore quelques calories pour le chauffage des habitations ou  permettait de chauffer de l&rsquo;eau pour les usages domestiques.<br>Le ramassage du schlamm se faisait aux risques et p\u00e9rils des personnes car les allemands interdisaient le ramassage et n&rsquo;h\u00e9sitaient \u00e0 tirer sur les gens.<\/p>\n\n\n\n<p> Les bassins \u00e0 schlamms comptent 8 \u00e9tangs et chacun d&rsquo;entre eux y est une association de toute la faune et la flore sp\u00e9cifique des zones humides.<\/p>\n\n\n\n<p>La renou\u00e9e amphibie, l&rsquo;aub\u00e9pine \u00e0 deux styles, la petite pimprenelle, la herniaire glabre, l&rsquo;epipactis \u00e0 larges feuilles, le ch\u00e9nopode glauque, le saule roux et l&rsquo;ache faux-cresson y ont \u00e9t\u00e9 r\u00e9pertori\u00e9s.<\/p>\n\n\n\n<figure class=\"wp-block-gallery has-nested-images columns-default is-cropped wp-block-gallery-2 is-layout-flex wp-block-gallery-is-layout-flex\">\n<figure class=\"wp-block-image size-large\"><a href=\"https:\/\/fr.wikipedia.org\/wiki\/Apium_nodiflorum\"><img loading=\"lazy\" decoding=\"async\" width=\"240\" height=\"180\" data-id=\"197\" src=\"https:\/\/terrildumartinet.be\/wp-content\/uploads\/2022\/05\/ache-faux-cresson.jpg\" alt=\"\" class=\"wp-image-197\"\/><\/a><figcaption class=\"wp-element-caption\">Ache faux-cresson<\/figcaption><\/figure>\n\n\n\n<figure class=\"wp-block-image size-large\"><a href=\"https:\/\/www.tela-botanica.org\/bdtfx-nn-59317-illustrations\"><img loading=\"lazy\" decoding=\"async\" width=\"134\" height=\"134\" data-id=\"199\" src=\"https:\/\/terrildumartinet.be\/wp-content\/uploads\/2022\/05\/saule-roux.jpg\" alt=\"\" class=\"wp-image-199\"\/><\/a><figcaption class=\"wp-element-caption\">Saule roux<\/figcaption><\/figure>\n\n\n\n<figure class=\"wp-block-image size-large\"><a href=\"https:\/\/www.aroma-zone.com\/page\/pimprenelle-sanguisorba-minor-definition-proprietes-et-bienfaits\"><img loading=\"lazy\" decoding=\"async\" width=\"240\" height=\"180\" data-id=\"196\" src=\"https:\/\/terrildumartinet.be\/wp-content\/uploads\/2022\/05\/pimprenelle.jpg\" alt=\"\" class=\"wp-image-196\"\/><\/a><figcaption class=\"wp-element-caption\">Pimprenelle<\/figcaption><\/figure>\n\n\n\n<figure class=\"wp-block-image size-large\"><a href=\"https:\/\/www.provincedeliege.be\/sites\/default\/files\/media\/10952\/Aub%C3%A9pines%20%28Crataegus%20monogyna%20et%20oxyacanthaoides%20%29.pdf\" target=\"_blank\" rel=\"noreferrer noopener\"><img loading=\"lazy\" decoding=\"async\" width=\"240\" height=\"180\" data-id=\"198\" src=\"https:\/\/terrildumartinet.be\/wp-content\/uploads\/2022\/05\/aubepine.jpg\" alt=\"\" class=\"wp-image-198\"\/><\/a><figcaption class=\"wp-element-caption\">Aub\u00e9pine \u00e0 deux styles<\/figcaption><\/figure>\n\n\n\n<figure class=\"wp-block-image size-large\"><a href=\"https:\/\/fr.wikipedia.org\/wiki\/Renou%C3%A9e_amphibie\"><img loading=\"lazy\" decoding=\"async\" width=\"250\" height=\"167\" data-id=\"200\" src=\"https:\/\/terrildumartinet.be\/wp-content\/uploads\/2022\/05\/renouE9e20amphibie.jpg\" alt=\"\" class=\"wp-image-200\"\/><\/a><figcaption class=\"wp-element-caption\">Renou\u00e9e amphibie<\/figcaption><\/figure>\n<\/figure>\n\n\n\n<p><br>Ces bassins font l\u2019objet d\u2019une convention avec la R\u00e9gion Wallonne pour leur gestion. De plus la soci\u00e9t\u00e9 propri\u00e9taire met un point d&rsquo;honneur \u00e0 l&rsquo;entretien de la zone.<\/p>\n","protected":false},"excerpt":{"rendered":"<p>Les \u00ab schlamms \u00bb (mot d\u2019origine allemande) d\u00e9signent le r\u00e9sidu de lavage des mati\u00e8res extraites de la mine apr\u00e8s d\u00e9cantation. Aujourd\u2019hui situ\u00e9s le long de la rue de Roux et de Marchiennes ces terrains sont privatis\u00e9s et appartiennent \u00e0 la soci\u00e9t\u00e9 RENEWI. Vu les difficult\u00e9s d&rsquo;approvisionnement en charbon durant la guerre, les riverains du charbonnage &hellip; <a href=\"https:\/\/quartierdumartinet.be\/index.php\/les-terrils\/le-bassin-a-schlamms\/\" class=\"more-link\">Continuer la lecture<span class=\"screen-reader-text\"> de &laquo;&nbsp;Le bassin \u00e0 schlamms&nbsp;&raquo;<\/span><\/a><\/p>\n","protected":false},"author":1,"featured_media":0,"parent":22,"menu_order":5,"comment_status":"closed","ping_status":"closed","template":"","meta":{"footnotes":""},"class_list":["post-192","page","type-page","status-publish","hentry"],"_links":{"self":[{"href":"https:\/\/quartierdumartinet.be\/index.php\/wp-json\/wp\/v2\/pages\/192","targetHints":{"allow":["GET"]}}],"collection":[{"href":"https:\/\/quartierdumartinet.be\/index.php\/wp-json\/wp\/v2\/pages"}],"about":[{"href":"https:\/\/quartierdumartinet.be\/index.php\/wp-json\/wp\/v2\/types\/page"}],"author":[{"embeddable":true,"href":"https:\/\/quartierdumartinet.be\/index.php\/wp-json\/wp\/v2\/users\/1"}],"replies":[{"embeddable":true,"href":"https:\/\/quartierdumartinet.be\/index.php\/wp-json\/wp\/v2\/comments?post=192"}],"version-history":[{"count":6,"href":"https:\/\/quartierdumartinet.be\/index.php\/wp-json\/wp\/v2\/pages\/192\/revisions"}],"predecessor-version":[{"id":2010,"href":"https:\/\/quartierdumartinet.be\/index.php\/wp-json\/wp\/v2\/pages\/192\/revisions\/2010"}],"up":[{"embeddable":true,"href":"https:\/\/quartierdumartinet.be\/index.php\/wp-json\/wp\/v2\/pages\/22"}],"wp:attachment":[{"href":"https:\/\/quartierdumartinet.be\/index.php\/wp-json\/wp\/v2\/media?parent=192"}],"curies":[{"name":"wp","href":"https:\/\/api.w.org\/{rel}","templated":true}]}}