{"id":229,"date":"2022-06-04T14:38:34","date_gmt":"2022-06-04T12:38:34","guid":{"rendered":"https:\/\/quartierdumartinet.be\/?page_id=229"},"modified":"2022-06-16T09:41:51","modified_gmt":"2022-06-16T07:41:51","slug":"liens","status":"publish","type":"page","link":"https:\/\/quartierdumartinet.be\/index.php\/contact-2\/liens\/","title":{"rendered":"Liens"},"content":{"rendered":"\n<h2 class=\"wp-block-heading\">Groupe Facebook Le Terril du Martinet<\/h2>\n\n\n\n<p>Vous y trouverez les contributions de tr\u00e8s nombreux passionn\u00e9s du site du Martinet et notamment d&rsquo;\u00c9ric Dufranne qui, du lever au coucher de soleil, n&rsquo;h\u00e9site pas \u00e0 se fondre dans la nature pour y observer la faune et la flore du terril et nous ramener des photos et vid\u00e9os extraordinaires.<\/p>\n\n\n\n<p>Merci \u00e0 vous tous pour vos collaborations et pour l&rsquo;int\u00e9r\u00eat que vous manifestez \u00e0 ce lieu embl\u00e9matique !<\/p>\n\n\n\n<p>Lien : <a href=\"https:\/\/www.facebook.com\/groups\/terrildumartinet\/\" target=\"_blank\" rel=\"noreferrer noopener\">https:\/\/www.facebook.com\/groups\/terrildumartinet\/<\/a><\/p>\n\n\n\n<hr class=\"wp-block-separator has-alpha-channel-opacity\"\/>\n\n\n\n<h2 class=\"wp-block-heading\">Balades sur et autour des terrils<\/h2>\n\n\n\n<ul class=\"wp-block-list\"><li>Un site s&rsquo;impose, c&rsquo;est <a rel=\"noreferrer noopener\" href=\"https:\/\/cheminsdesterrils.be\/\" target=\"_blank\">Chemin des terrils<\/a>, site cr\u00e9\u00e9 par Micheline Dufert et Francis Pourcel, marcheurs urbains, chasseurs de paysages, explorateurs de terrils et de friches, carolos inspir\u00e9s par le d\u00e9cor post- industriel.<\/li><li><a rel=\"noreferrer noopener\" href=\"https:\/\/cheminsdesterrils.be\/2016\/08\/02\/la-boucle-noire-du-gr-412\/\" target=\"_blank\">La Boucle noire<\/a> : balade de 20 km autour de Charleroi \u00e0 travers des paysages industriels, des terrils, des zones urbaines, des campagnes.<\/li><li><a rel=\"noreferrer noopener\" href=\"http:\/\/grsentiers.org\/\" target=\"_blank\">Sentiers de grande randonn\u00e9e<\/a>.<\/li><li><a rel=\"noreferrer noopener\" href=\"http:\/\/grsentiers.org\/topo-guides\/33-gr-412-est-sentier-des-terrils.html\" target=\"_blank\">GR412<\/a> pour traverser toute la Wallonie, du Borinage au Pays de Li\u00e8ge via les terrils.<\/li><li><a rel=\"noreferrer noopener\" href=\"http:\/\/www.excursion.be\/promenades\/la-boucle-noire-autour-de-charleroi-20-km\/\" target=\"_blank\">Excursions, balades \u2026 autour de Charleroi<\/a>.<\/li><li><a rel=\"noreferrer noopener\" href=\"http:\/\/www.cheminsdurail.be\/\" target=\"_blank\">Chemins du rail<\/a>\u2026 est une association qui encourage les am\u00e9nagements d&rsquo;anciennes lignes de chemin de fer pour les transformer en voies verte (RAVEL, chemins de halage). Pour Roux, voir lignes 112A et 119 dans l&rsquo;onglet \u00ab Voies vertes \u00bb \u2192 base de donn\u00e9es.<\/li><\/ul>\n\n\n\n<hr class=\"wp-block-separator has-alpha-channel-opacity\"\/>\n\n\n\n<h2 class=\"wp-block-heading\">Balades sur les terrils du Martinet avec Youtube<\/h2>\n\n\n\n<ul class=\"wp-block-list\"><li><a rel=\"noreferrer noopener\" href=\"https:\/\/youtu.be\/KTNJ2Sy4JfM\" target=\"_blank\">Balade sur les terrils du Martinet<\/a> par Les randonn\u00e9es de Papylou.<\/li><li><a href=\"https:\/\/youtu.be\/tXFHz5Z3STg\" target=\"_blank\" rel=\"noreferrer noopener\">La Journ\u00e9e du Terril<\/a> par Olivier Rubbers.<\/li><\/ul>\n\n\n\n<hr class=\"wp-block-separator has-alpha-channel-opacity\"\/>\n\n\n\n<h2 class=\"wp-block-heading\">A D E M, pour Association de D\u00e9fense de l&rsquo;Environnement de Monceau<\/h2>\n\n\n\n<p>En qualit\u00e9 de \u00ab voisin \u00bb de la d\u00e9charge, des membres du comit\u00e9 du Martinet sont actifs au sein de cette association qui lutte depuis 1995 pour la fermeture de la d\u00e9charge situ\u00e9e le long de la route de Trazegnies.<br>Chacun a en effet d\u00e9j\u00e0 pu ressentir les odeurs produites par les mati\u00e8res fermentescibles qui y sont enfouies et qui envahissent le quartier au gr\u00e9 des d\u00e9versements et des vents.Il \u00e9tait donc judicieux et important d&rsquo;agir avec l&rsquo;ADEM pour \u00e9radiquer les nuisances, \u00e0 d\u00e9faut les r\u00e9duire de mani\u00e8re drastique.<\/p>\n\n\n\n<p>A l&rsquo;issue de multiples et d&rsquo;intenses r\u00e9unions avec l\u2019\u00c9chevin \u00c9ric Massin, avec le Bourgmestre JJ.Viseur et avec le Ministre B.Lutgen, conjugu\u00e9 \u00e0 la mise en application d&rsquo;une directive europ\u00e9enne, il sera interdit au 1er janvier 2010 d&rsquo;encore d\u00e9verser des fermentescibles. Celai risque \u00e0 terme d&rsquo;am\u00e9liorer la qualit\u00e9 de vie pour les riverains et les quelques 4000 habitations incommod\u00e9es dont celles du quartier du Martinet.<\/p>\n\n\n\n<p>De tout cela, un lien vers le site de l&rsquo;ADEM vous en parlera dans le d\u00e9tail : <a href=\"http:\/\/www.adem-charleroi.be\/\" target=\"_blank\" rel=\"noreferrer noopener\">http:\/\/www.adem-charleroi.be\/<\/a>.<\/p>\n\n\n\n<hr class=\"wp-block-separator has-alpha-channel-opacity\"\/>\n\n\n\n<h2 class=\"wp-block-heading\">Information sur la biodiversit\u00e9 en Wallonie<\/h2>\n\n\n\n<ul class=\"wp-block-list\"><li><a href=\"http:\/\/biodiversite.wallonie.be\/\" target=\"_blank\" rel=\"noreferrer noopener\">http:\/\/biodiversite.wallonie.be\/<\/a><\/li><\/ul>\n\n\n\n<hr class=\"wp-block-separator has-alpha-channel-opacity\"\/>\n\n\n\n<h2 class=\"wp-block-heading\">Ville de Charleroi<\/h2>\n\n\n\n<ul class=\"wp-block-list\"><li><a href=\"https:\/\/www.charleroi.be\/\" target=\"_blank\" rel=\"noreferrer noopener\">https:\/\/www.charleroi.be\/<\/a><\/li><\/ul>\n\n\n\n<hr class=\"wp-block-separator has-alpha-channel-opacity\"\/>\n\n\n\n<h2 class=\"wp-block-heading\">Espace Environnement<\/h2>\n\n\n\n<p>Organisme ind\u00e9pendant d&rsquo;int\u00e9r\u00eat public qui travaille avec les citoyens, les associations, les entreprises et les pouvoirs publics : <a rel=\"noreferrer noopener\" href=\"https:\/\/www.espace-environnement.be\/\" target=\"_blank\">https:\/\/www.espace-environnement.be\/<\/a><\/p>\n\n\n\n<hr class=\"wp-block-separator has-alpha-channel-opacity\"\/>\n\n\n\n<h2 class=\"wp-block-heading\">Projet transfrontalier<\/h2>\n\n\n\n<p><a href=\"http:\/\/archives.lesoir.be\/hainaut-les-silhouettes-noires-de-la-province-et-du-nor_t-20050323-Z0QEN8.html\" target=\"_blank\" rel=\"noreferrer noopener\">Les terrils pour d\u00e9passer les fronti\u00e8res<\/a>. <\/p>\n\n\n\n<p>Renforcer les liens (existant sporadiquement depuis 1990) entre populations et partenaires concern\u00e9s par la th\u00e9matique des terrils, tant en R\u00e9gion Wallonne que dans le Nord Pas-de-Calais fran\u00e7ais.<\/p>\n\n\n\n<hr class=\"wp-block-separator has-alpha-channel-opacity\"\/>\n\n\n\n<h2 class=\"wp-block-heading\">En vrac<\/h2>\n\n\n\n<ul class=\"wp-block-list\"><li><a rel=\"noreferrer noopener\" href=\"https:\/\/www.leboisducazier.be\/\" target=\"_blank\">Le Bois du Cazier<\/a> (\u00e9vocation de la catastrophe mini\u00e8re,mus\u00e9e du verre, de l&rsquo;industrie).<\/li><li><a rel=\"noreferrer noopener\" href=\"https:\/\/www.hainaut-developpement.be\/\" target=\"_blank\">Hainaut D\u00e9veloppement<\/a><\/li><li><a rel=\"noreferrer noopener\" href=\"https:\/\/web.umons.ac.be\/fau\/fr\/\" target=\"_blank\">\u00c9cole d&rsquo;architecture de Mons<\/a><\/li><li><a rel=\"noreferrer noopener\" href=\"https:\/\/www.natagora.be\/\" target=\"_blank\">Natagora<\/a><\/li><li><a rel=\"noreferrer noopener\" href=\"https:\/\/cercles-naturalistes.be\/\" target=\"_blank\">Cercles des naturalistes de Belgique<\/a><\/li><li><a rel=\"noreferrer noopener\" href=\"https:\/\/aves.natagora.be\/\" target=\"_blank\">AVES<\/a> (conna\u00eetre, faire conna\u00eetre, prot\u00e9ger les oiseaux).<\/li><li><a href=\"https:\/\/protectiondesoiseaux.be\/\" target=\"_blank\" rel=\"noreferrer noopener\">Ligue Royale Belge pour la Protection des Oiseaux<\/a><\/li><\/ul>\n","protected":false},"excerpt":{"rendered":"<p>Groupe Facebook Le Terril du Martinet Vous y trouverez les contributions de tr\u00e8s nombreux passionn\u00e9s du site du Martinet et notamment d&rsquo;\u00c9ric Dufranne qui, du lever au coucher de soleil, n&rsquo;h\u00e9site pas \u00e0 se fondre dans la nature pour y observer la faune et la flore du terril et nous ramener des photos et vid\u00e9os &hellip; <a href=\"https:\/\/quartierdumartinet.be\/index.php\/contact-2\/liens\/\" class=\"more-link\">Continuer la lecture<span class=\"screen-reader-text\"> de &laquo;&nbsp;Liens&nbsp;&raquo;<\/span><\/a><\/p>\n","protected":false},"author":1,"featured_media":0,"parent":289,"menu_order":0,"comment_status":"closed","ping_status":"closed","template":"","meta":{"footnotes":""},"class_list":["post-229","page","type-page","status-publish","hentry"],"_links":{"self":[{"href":"https:\/\/quartierdumartinet.be\/index.php\/wp-json\/wp\/v2\/pages\/229","targetHints":{"allow":["GET"]}}],"collection":[{"href":"https:\/\/quartierdumartinet.be\/index.php\/wp-json\/wp\/v2\/pages"}],"about":[{"href":"https:\/\/quartierdumartinet.be\/index.php\/wp-json\/wp\/v2\/types\/page"}],"author":[{"embeddable":true,"href":"https:\/\/quartierdumartinet.be\/index.php\/wp-json\/wp\/v2\/users\/1"}],"replies":[{"embeddable":true,"href":"https:\/\/quartierdumartinet.be\/index.php\/wp-json\/wp\/v2\/comments?post=229"}],"version-history":[{"count":2,"href":"https:\/\/quartierdumartinet.be\/index.php\/wp-json\/wp\/v2\/pages\/229\/revisions"}],"predecessor-version":[{"id":508,"href":"https:\/\/quartierdumartinet.be\/index.php\/wp-json\/wp\/v2\/pages\/229\/revisions\/508"}],"up":[{"embeddable":true,"href":"https:\/\/quartierdumartinet.be\/index.php\/wp-json\/wp\/v2\/pages\/289"}],"wp:attachment":[{"href":"https:\/\/quartierdumartinet.be\/index.php\/wp-json\/wp\/v2\/media?parent=229"}],"curies":[{"name":"wp","href":"https:\/\/api.w.org\/{rel}","templated":true}]}}