{"id":244,"date":"2023-06-03T10:54:26","date_gmt":"2023-06-03T08:54:26","guid":{"rendered":"https:\/\/quartierdumartinet.be\/?page_id=244"},"modified":"2026-04-06T19:19:08","modified_gmt":"2026-04-06T17:19:08","slug":"accueil","status":"publish","type":"page","link":"https:\/\/quartierdumartinet.be\/","title":{"rendered":"Page d&rsquo;accueil"},"content":{"rendered":"<div class=\"wp-block-image\">\n<figure class=\"aligncenter size-full\"><a href=\"https:\/\/quartierdumartinet.be\/wp-content\/uploads\/2022\/06\/banner-martinet.png\"><img loading=\"lazy\" decoding=\"async\" width=\"795\" height=\"244\" src=\"https:\/\/quartierdumartinet.be\/wp-content\/uploads\/2022\/06\/banner-martinet.png\" alt=\"\" class=\"wp-image-389\" srcset=\"https:\/\/quartierdumartinet.be\/wp-content\/uploads\/2022\/06\/banner-martinet.png 795w, https:\/\/quartierdumartinet.be\/wp-content\/uploads\/2022\/06\/banner-martinet-300x92.png 300w, https:\/\/quartierdumartinet.be\/wp-content\/uploads\/2022\/06\/banner-martinet-768x236.png 768w\" sizes=\"auto, (max-width: 795px) 85vw, 795px\" \/><\/a><\/figure>\n<\/div>\n\n\n<div class=\"wp-block-columns is-layout-flex wp-container-core-columns-is-layout-9d6595d7 wp-block-columns-is-layout-flex\">\n<div class=\"wp-block-column is-layout-flow wp-block-column-is-layout-flow\">\n<ul class=\"wp-block-list\">\n<li><strong>Historique du site minier du Martinet<\/strong>\n<ul class=\"wp-block-list\">\n<li><a href=\"https:\/\/quartierdumartinet.be\/index.php\/historique\/les-origines-de-lexploitation-du-charbon\/\">Les origines de l&rsquo;exploitation du charbon<\/a><\/li>\n<\/ul>\n<\/li>\n\n\n\n<li><strong>Une lutte de 23 ans !<\/strong>\n<ul class=\"wp-block-list\">\n<li><a href=\"https:\/\/quartierdumartinet.be\/index.php\/historique\/entree-en-jeu-de-ryan-europe\/\">Entr\u00e9e en jeu de Ryan Europe<\/a><\/li>\n\n\n\n<li><a href=\"https:\/\/quartierdumartinet.be\/index.php\/historique\/sauve-pour-10-ans-pensez-vous-que-non\/\">Sauv\u00e9 pour 10 ans, pensez-vous? Que non !<\/a><\/li>\n\n\n\n<li><a href=\"https:\/\/quartierdumartinet.be\/index.php\/historique\/changer-la-legislation\/\">Changer la l\u00e9gislation !<\/a><\/li>\n\n\n\n<li><a href=\"https:\/\/quartierdumartinet.be\/index.php\/historique\/pour-le-martinet-un-nouveau-pari-sengage\/\">Pour le Martinet, un nouveau pari s&rsquo;engage !<\/a><\/li>\n\n\n\n<li><a href=\"https:\/\/quartierdumartinet.be\/index.php\/historique\/retour-a-la-case-depart\/\">Retour \u00e0 la case d\u00e9part !<\/a><\/li>\n\n\n\n<li><a href=\"https:\/\/quartierdumartinet.be\/index.php\/historique\/un-squatt-a-bastogne\/\">Un squatt \u00e0 Bastogne<\/a><\/li>\n\n\n\n<li><a href=\"https:\/\/quartierdumartinet.be\/index.php\/historique\/de-largent-en-fallait-il-que-oui\/\">De l&rsquo;argent,en fallait-il ? Que oui !<\/a><\/li>\n\n\n\n<li><a href=\"https:\/\/quartierdumartinet.be\/index.php\/historique\/classer-le-site-devait-etre-pour-nous-un-passage-oblige-pour-faire-aboutir-notre-projet\/\">Classer le site<\/a><\/li>\n\n\n\n<li><a href=\"https:\/\/quartierdumartinet.be\/index.php\/historique\/1999-annee-de-tous-les-succes\/\">1999, ann\u00e9e de tous les succ\u00e8s<\/a><\/li>\n<\/ul>\n<\/li>\n\n\n\n<li><strong>De l&rsquo;id\u00e9e au concret<\/strong>\n<ul class=\"wp-block-list\">\n<li><a href=\"https:\/\/quartierdumartinet.be\/index.php\/de-lidee-au-concret\/un-aboutissement\/\" data-type=\"page\" data-id=\"439\">Imagin\u00e9 et non r\u00e9alis\u00e9 !<\/a><\/li>\n\n\n\n<li><a href=\"https:\/\/quartierdumartinet.be\/index.php\/de-lidee-au-concret\/imagine-et-realise\/\">Imagin\u00e9 et r\u00e9alis\u00e9<\/a><\/li>\n\n\n\n<li><a href=\"https:\/\/quartierdumartinet.be\/index.php\/de-lidee-au-concret\/letat-du-chantier\/\" data-type=\"page\" data-id=\"468\">De 2008 \u00e0 nos jours<\/a><\/li>\n\n\n\n<li><a href=\"https:\/\/quartierdumartinet.be\/index.php\/de-lidee-au-concret\/gestion-des-terrils-du-martinet\/\">La gestion des terrils<\/a><\/li>\n\n\n\n<li><a href=\"https:\/\/quartierdumartinet.be\/index.php\/de-lidee-au-concret\/projets-avortes\/\">Projets avort\u00e9s<\/a><\/li>\n<\/ul>\n<\/li>\n<\/ul>\n<\/div>\n\n\n\n<div class=\"wp-block-column is-layout-flow wp-block-column-is-layout-flow\">\n<ul class=\"wp-block-list\">\n<li><strong>Activit\u00e9s<\/strong>\n<ul class=\"wp-block-list\">\n<li><a href=\"https:\/\/quartierdumartinet.be\/index.php\/2026\/01\/17\/https-quartierdumartinet-be-index-php-chasse-aux-oeufs\/\">Chasse aux oeufs 2026<\/a><\/li>\n\n\n\n<li><a href=\"https:\/\/quartierdumartinet.be\/index.php\/activites-de-fin-dannee-et-de-lan-neuf\/\" data-type=\"page\" data-id=\"847\">F\u00eates de fin d&rsquo;ann\u00e9e et de l&rsquo;an neuf<\/a><\/li>\n\n\n\n<li><a href=\"https:\/\/quartierdumartinet.be\/index.php\/2024\/04\/21\/diner-campagnard\/\">D\u00eener Campagnard 2025<\/a><\/li>\n\n\n\n<li><a href=\"https:\/\/quartierdumartinet.be\/index.php\/balade-dancetres-2022\/\" data-type=\"page\" data-id=\"270\">Balade d&rsquo;anc\u00eatres 2025<\/a><\/li>\n\n\n\n<li><a href=\"https:\/\/quartierdumartinet.be\/index.php\/2023\/06\/18\/ducasse-du-mois-daout-2023\/\">Ducasse du mois d&rsquo;ao\u00fbt<\/a><\/li>\n\n\n\n\n\n<li><a href=\"https:\/\/quartierdumartinet.be\/index.php\/tourisme\/localisation\/\">Localisation du site minier du Martinet<\/a><\/li>\n\n\n\n<li><a href=\"https:\/\/quartierdumartinet.be\/index.php\/tourisme\/visites-guidees\/\"><strong>Visites guid\u00e9es au Martinet<\/strong><\/a><\/li>\n\n\n\n<li><a href=\"https:\/\/quartierdumartinet.be\/index.php\/tourisme\/a-voir-dans-la-region\/\">\u00c0 voir dans la r\u00e9gion<\/a><\/li>\n<\/ul>\n<\/li>\n\n\n\n<li><strong>Le site du Martinet<\/strong>\n<ul class=\"wp-block-list\">\n<li><a href=\"https:\/\/quartierdumartinet.be\/index.php\/les-terrils\/les-terrils\/\">Les deux terrils<\/a><\/li>\n\n\n\n<li><a href=\"https:\/\/quartierdumartinet.be\/index.php\/les-terrils\/le-puits-n4-tlc\/\">Le puits n\u00b04 TLC<\/a><\/li>\n\n\n\n<li><a href=\"https:\/\/quartierdumartinet.be\/index.php\/les-terrils\/la-plaine-tlc\/\">La plaine TLC<\/a><\/li>\n\n\n\n<li><a href=\"https:\/\/quartierdumartinet.be\/index.php\/les-terrils\/1929-le-triage-lavoir-le-plus-moderne-deurope-au-martinet\/\">1929, le triage-lavoir le plus moderne d&rsquo;Europe !<\/a><\/li>\n\n\n\n<li><a href=\"https:\/\/quartierdumartinet.be\/index.php\/les-terrils\/la-zone-humide\/\">La zone humide<\/a><\/li>\n\n\n\n<li><a href=\"https:\/\/quartierdumartinet.be\/index.php\/les-terrils\/le-bassin-a-schlamms\/\">Le bassin \u00e0 schlamms<\/a><\/li>\n<\/ul>\n<\/li>\n\n\n\n<li><strong>Documents<\/strong>\n<ul class=\"wp-block-list\">\n<li><a rel=\"noreferrer noopener\" href=\"https:\/\/quartierdumartinet.be\/index.php\/documentation\/\" target=\"_blank\">Documents scientifiques et historiques<\/a><\/li>\n<\/ul>\n<\/li>\n\n\n\n<li><strong>Contact<\/strong>\n<ul class=\"wp-block-list\">\n<li><a href=\"https:\/\/quartierdumartinet.be\/index.php\/contact-2\/contact\/\">Nous contacter<\/a><\/li>\n\n\n\n<li><a href=\"https:\/\/quartierdumartinet.be\/index.php\/contact-2\/liens\/\">Liens internet<\/a><\/li>\n<\/ul>\n<\/li>\n<\/ul>\n<\/div>\n<\/div>\n\n\n\n<div class=\"wp-block-columns is-layout-flex wp-container-core-columns-is-layout-9d6595d7 wp-block-columns-is-layout-flex\">\n<div class=\"wp-block-column is-layout-flow wp-block-column-is-layout-flow\"><\/div>\n<\/div>\n\n\n\n<figure class=\"wp-block-image size-full\"><a href=\"https:\/\/quartierdumartinet.be\/wp-content\/uploads\/2022\/06\/banner-martinet.png\"><img loading=\"lazy\" decoding=\"async\" width=\"795\" height=\"244\" src=\"https:\/\/quartierdumartinet.be\/wp-content\/uploads\/2022\/06\/banner-martinet.png\" alt=\"\" class=\"wp-image-389\" srcset=\"https:\/\/quartierdumartinet.be\/wp-content\/uploads\/2022\/06\/banner-martinet.png 795w, https:\/\/quartierdumartinet.be\/wp-content\/uploads\/2022\/06\/banner-martinet-300x92.png 300w, https:\/\/quartierdumartinet.be\/wp-content\/uploads\/2022\/06\/banner-martinet-768x236.png 768w\" sizes=\"auto, (max-width: 795px) 85vw, 795px\" \/><\/a><figcaption class=\"wp-element-caption\">La photo d&rsquo;accueil aujourd&rsquo;hui et ci-dessous deux photos montrant le m\u00eame endroit en 1956 et en 1973<\/figcaption><\/figure>\n\n\n\n<figure class=\"wp-block-gallery has-nested-images columns-default is-cropped wp-block-gallery-1 is-layout-flex wp-block-gallery-is-layout-flex\">\n<figure class=\"wp-block-image size-large\"><img loading=\"lazy\" decoding=\"async\" width=\"1024\" height=\"640\" data-id=\"1316\" src=\"https:\/\/quartierdumartinet.be\/wp-content\/uploads\/2025\/07\/Gd-terril-et-verger-Ingels-Martinet-1958-1024x640.jpg\" alt=\"\" class=\"wp-image-1316\" srcset=\"https:\/\/quartierdumartinet.be\/wp-content\/uploads\/2025\/07\/Gd-terril-et-verger-Ingels-Martinet-1958-1024x640.jpg 1024w, https:\/\/quartierdumartinet.be\/wp-content\/uploads\/2025\/07\/Gd-terril-et-verger-Ingels-Martinet-1958-300x187.jpg 300w, https:\/\/quartierdumartinet.be\/wp-content\/uploads\/2025\/07\/Gd-terril-et-verger-Ingels-Martinet-1958-768x480.jpg 768w, https:\/\/quartierdumartinet.be\/wp-content\/uploads\/2025\/07\/Gd-terril-et-verger-Ingels-Martinet-1958-1536x960.jpg 1536w, https:\/\/quartierdumartinet.be\/wp-content\/uploads\/2025\/07\/Gd-terril-et-verger-Ingels-Martinet-1958-1200x750.jpg 1200w, https:\/\/quartierdumartinet.be\/wp-content\/uploads\/2025\/07\/Gd-terril-et-verger-Ingels-Martinet-1958.jpg 1890w\" sizes=\"auto, (max-width: 709px) 85vw, (max-width: 909px) 67vw, (max-width: 1362px) 62vw, 840px\" \/><figcaption class=\"wp-element-caption\">Et\u00e9 1956<\/figcaption><\/figure>\n<\/figure>\n\n\n\n<figure class=\"wp-block-image size-large\"><img loading=\"lazy\" decoding=\"async\" width=\"1024\" height=\"1024\" src=\"https:\/\/quartierdumartinet.be\/wp-content\/uploads\/2025\/07\/Gd-terril-et-Achille-Ingels-1973-1024x1024.jpg\" alt=\"\" class=\"wp-image-1317\" srcset=\"https:\/\/quartierdumartinet.be\/wp-content\/uploads\/2025\/07\/Gd-terril-et-Achille-Ingels-1973-1024x1024.jpg 1024w, https:\/\/quartierdumartinet.be\/wp-content\/uploads\/2025\/07\/Gd-terril-et-Achille-Ingels-1973-300x300.jpg 300w, https:\/\/quartierdumartinet.be\/wp-content\/uploads\/2025\/07\/Gd-terril-et-Achille-Ingels-1973-150x150.jpg 150w, https:\/\/quartierdumartinet.be\/wp-content\/uploads\/2025\/07\/Gd-terril-et-Achille-Ingels-1973-768x768.jpg 768w, https:\/\/quartierdumartinet.be\/wp-content\/uploads\/2025\/07\/Gd-terril-et-Achille-Ingels-1973-1536x1536.jpg 1536w, https:\/\/quartierdumartinet.be\/wp-content\/uploads\/2025\/07\/Gd-terril-et-Achille-Ingels-1973-1200x1200.jpg 1200w, https:\/\/quartierdumartinet.be\/wp-content\/uploads\/2025\/07\/Gd-terril-et-Achille-Ingels-1973.jpg 1881w\" sizes=\"auto, (max-width: 709px) 85vw, (max-width: 909px) 67vw, (max-width: 1362px) 62vw, 840px\" \/><figcaption class=\"wp-element-caption\">                      Automne 1973.   Achille Ingels, exploitant de la ferme du Martinet en plein travail !<\/figcaption><\/figure>\n\n\n\n<p><\/p>\n","protected":false},"excerpt":{"rendered":"","protected":false},"author":1,"featured_media":0,"parent":0,"menu_order":0,"comment_status":"closed","ping_status":"closed","template":"","meta":{"footnotes":""},"class_list":["post-244","page","type-page","status-publish","hentry"],"_links":{"self":[{"href":"https:\/\/quartierdumartinet.be\/index.php\/wp-json\/wp\/v2\/pages\/244","targetHints":{"allow":["GET"]}}],"collection":[{"href":"https:\/\/quartierdumartinet.be\/index.php\/wp-json\/wp\/v2\/pages"}],"about":[{"href":"https:\/\/quartierdumartinet.be\/index.php\/wp-json\/wp\/v2\/types\/page"}],"author":[{"embeddable":true,"href":"https:\/\/quartierdumartinet.be\/index.php\/wp-json\/wp\/v2\/users\/1"}],"replies":[{"embeddable":true,"href":"https:\/\/quartierdumartinet.be\/index.php\/wp-json\/wp\/v2\/comments?post=244"}],"version-history":[{"count":93,"href":"https:\/\/quartierdumartinet.be\/index.php\/wp-json\/wp\/v2\/pages\/244\/revisions"}],"predecessor-version":[{"id":2208,"href":"https:\/\/quartierdumartinet.be\/index.php\/wp-json\/wp\/v2\/pages\/244\/revisions\/2208"}],"wp:attachment":[{"href":"https:\/\/quartierdumartinet.be\/index.php\/wp-json\/wp\/v2\/media?parent=244"}],"curies":[{"name":"wp","href":"https:\/\/api.w.org\/{rel}","templated":true}]}}