{"id":270,"date":"2022-06-05T15:07:21","date_gmt":"2022-06-05T13:07:21","guid":{"rendered":"https:\/\/quartierdumartinet.be\/?page_id=270"},"modified":"2025-07-13T22:20:12","modified_gmt":"2025-07-13T20:20:12","slug":"balade-dancetres-2022","status":"publish","type":"page","link":"https:\/\/quartierdumartinet.be\/index.php\/balade-dancetres-2022\/","title":{"rendered":"21 \u00e8me Balade d\u2019anc\u00eatres 2025"},"content":{"rendered":"<div class=\"wp-block-image\">\n<figure class=\"aligncenter size-full\"><img loading=\"lazy\" decoding=\"async\" width=\"598\" height=\"299\" src=\"https:\/\/quartierdumartinet.be\/wp-content\/uploads\/2022\/06\/oldbuick-1.png\" alt=\"\" class=\"wp-image-277\" srcset=\"https:\/\/quartierdumartinet.be\/wp-content\/uploads\/2022\/06\/oldbuick-1.png 598w, https:\/\/quartierdumartinet.be\/wp-content\/uploads\/2022\/06\/oldbuick-1-300x150.png 300w\" sizes=\"auto, (max-width: 598px) 85vw, 598px\" \/><\/figure>\n<\/div>\n\n\n<p class=\"has-medium-font-size\"><\/p>\n\n\n\n<figure class=\"wp-block-image size-large\"><img loading=\"lazy\" decoding=\"async\" width=\"1024\" height=\"512\" src=\"https:\/\/quartierdumartinet.be\/wp-content\/uploads\/2025\/07\/plaque-rallye-1-1024x512.jpg\" alt=\"\" class=\"wp-image-1358\" srcset=\"https:\/\/quartierdumartinet.be\/wp-content\/uploads\/2025\/07\/plaque-rallye-1-1024x512.jpg 1024w, https:\/\/quartierdumartinet.be\/wp-content\/uploads\/2025\/07\/plaque-rallye-1-300x150.jpg 300w, https:\/\/quartierdumartinet.be\/wp-content\/uploads\/2025\/07\/plaque-rallye-1-768x384.jpg 768w, https:\/\/quartierdumartinet.be\/wp-content\/uploads\/2025\/07\/plaque-rallye-1.jpg 1080w\" sizes=\"auto, (max-width: 709px) 85vw, (max-width: 909px) 67vw, (max-width: 1362px) 62vw, 840px\" \/><\/figure>\n\n\n\n<p class=\"has-medium-font-size\">Le\u00a0<strong>27 juillet 202<\/strong>5, aura lieu la traditionnelle balade d\u2019anc\u00eatres. Cette ann\u00e9e, le th\u00e8me sera \u00ab Du Ch\u00e2teau au Moulin \u00bb.<\/p>\n\n\n\n<p>Voici le&nbsp;<strong>programme de la journ\u00e9e&nbsp;<\/strong>:<\/p>\n\n\n\n<ul class=\"wp-block-list\">\n<li>8h00 : accueil des participant\u00b7e\u00b7s et petit-d\u00e9jeuner sur la place Fr\u00e9d\u00e9ric.<\/li>\n\n\n\n<li>9h30 : d\u00e9part du 1er parcours.<\/li>\n\n\n\n<li>12h30 : retour au Martinet et<strong> d\u00eener (assiette campagnarde, OU  filet am\u00e9ricain -frites, l\u00e9gumes et fruits\/glace).<\/strong><\/li>\n\n\n\n<li>14h00 : d\u00e9part du 2nd parcours.<\/li>\n\n\n\n<li>17h30 : retour et collation.<\/li>\n\n\n\n<li>18h30 : remise des souvenirs.<\/li>\n<\/ul>\n\n\n\n<p>L\u2019<strong>inscription&nbsp;donne droit :<\/strong><\/p>\n\n\n\n<ul class=\"wp-block-list\">\n<li>le carnet de route d\u00e9taill\u00e9,<\/li>\n\n\n\n<li>le souvenir,<\/li>\n\n\n\n<li>la plaque \u00ab balade \u00bb,<\/li>\n\n\n\n<li>les visites,<\/li>\n\n\n\n<li>le petit-d\u00e9jeuner,<\/li>\n\n\n\n<li>le repas de midi,<\/li>\n\n\n\n<li>la collation.<\/li>\n<\/ul>\n\n\n\n<p><strong>Co\u00fbt de l\u2019inscription&nbsp;<\/strong>:<\/p>\n\n\n\n<ul class=\"wp-block-list\">\n<li><strong>Voiture avec chauffeur : 36 euros<\/strong><\/li>\n\n\n\n<li><strong>Accompagnant : 26 euros<\/strong><\/li>\n\n\n\n<li><strong>Enfant de moins de dix ans : 12 euros<\/strong><br><\/li>\n\n\n\n<li><strong>Pour faciliter la logistique, merci de d\u00e9tailler vos pr\u00e9f\u00e9rences repas<\/strong><br><br><strong>Assiette campagnarde<\/strong> OU <strong> Filet am\u00e9ricain<\/strong>&#8211; <strong>Frites<\/strong><br>Nbre adultes: &#8230;&#8230;&#8230;&#8230;&#8230;&#8230;&#8230;&#8230;.Nbre adultes:&#8230;&#8230;&#8230;&#8230;&#8230;&#8230;<br>Nbre enfants: &#8230;&#8230;&#8230;&#8230;&#8230;&#8230;&#8230;&#8230;.Nbre enfants:&#8230;&#8230;&#8230;&#8230;&#8230;&#8230;<\/li>\n<\/ul>\n\n\n\n<p>Virement \u00e0 effectuer sur le compte BE59 0680 8859 0026 du Comit\u00e9 des f\u00eates du Martinet avec la communication \u00ab BDA2025 \u2013 NOM \u2013 1 chauffeur \u2013 Nombre accompagnants \u2013 Nombre enfants \u00bb<br><br><em><strong>L\u2019inscription sera prise en consid\u00e9ration d\u00e8s la r\u00e9ception du paiement<\/strong><\/em><\/p>\n\n\n\n<p class=\"has-medium-font-size\">Informations et r\u00e9servation aussi aupr\u00e8s de :<br>&nbsp;<strong>P. Vandevorden<\/strong>&nbsp;(0478\/47.29.84) ou de&nbsp;<strong>T. Demierbe<\/strong>&nbsp;(0479\/78.94.98).<\/p>\n","protected":false},"excerpt":{"rendered":"<p>Le\u00a027 juillet 2025, aura lieu la traditionnelle balade d\u2019anc\u00eatres. Cette ann\u00e9e, le th\u00e8me sera \u00ab Du Ch\u00e2teau au Moulin \u00bb. Voici le&nbsp;programme de la journ\u00e9e&nbsp;: L\u2019inscription&nbsp;donne droit : Co\u00fbt de l\u2019inscription&nbsp;: Virement \u00e0 effectuer sur le compte BE59 0680 8859 0026 du Comit\u00e9 des f\u00eates du Martinet avec la communication \u00ab BDA2025 \u2013 NOM \u2013 &hellip; <a href=\"https:\/\/quartierdumartinet.be\/index.php\/balade-dancetres-2022\/\" class=\"more-link\">Continuer la lecture<span class=\"screen-reader-text\"> de &laquo;&nbsp;21 \u00e8me Balade d\u2019anc\u00eatres 2025&nbsp;&raquo;<\/span><\/a><\/p>\n","protected":false},"author":1,"featured_media":0,"parent":0,"menu_order":0,"comment_status":"closed","ping_status":"closed","template":"","meta":{"footnotes":""},"class_list":["post-270","page","type-page","status-publish","hentry"],"_links":{"self":[{"href":"https:\/\/quartierdumartinet.be\/index.php\/wp-json\/wp\/v2\/pages\/270","targetHints":{"allow":["GET"]}}],"collection":[{"href":"https:\/\/quartierdumartinet.be\/index.php\/wp-json\/wp\/v2\/pages"}],"about":[{"href":"https:\/\/quartierdumartinet.be\/index.php\/wp-json\/wp\/v2\/types\/page"}],"author":[{"embeddable":true,"href":"https:\/\/quartierdumartinet.be\/index.php\/wp-json\/wp\/v2\/users\/1"}],"replies":[{"embeddable":true,"href":"https:\/\/quartierdumartinet.be\/index.php\/wp-json\/wp\/v2\/comments?post=270"}],"version-history":[{"count":12,"href":"https:\/\/quartierdumartinet.be\/index.php\/wp-json\/wp\/v2\/pages\/270\/revisions"}],"predecessor-version":[{"id":1359,"href":"https:\/\/quartierdumartinet.be\/index.php\/wp-json\/wp\/v2\/pages\/270\/revisions\/1359"}],"wp:attachment":[{"href":"https:\/\/quartierdumartinet.be\/index.php\/wp-json\/wp\/v2\/media?parent=270"}],"curies":[{"name":"wp","href":"https:\/\/api.w.org\/{rel}","templated":true}]}}