{"id":54,"date":"2022-05-31T09:57:09","date_gmt":"2022-05-31T07:57:09","guid":{"rendered":"https:\/\/terrildumartinet.be\/?page_id=54"},"modified":"2026-01-31T18:19:44","modified_gmt":"2026-01-31T17:19:44","slug":"pour-le-martinet-un-nouveau-pari-sengage","status":"publish","type":"page","link":"https:\/\/quartierdumartinet.be\/index.php\/historique\/pour-le-martinet-un-nouveau-pari-sengage\/","title":{"rendered":"Pour le Martinet, un nouveau pari s&rsquo;engage !"},"content":{"rendered":"\n<p>Celui de faire passer le terril de la cat\u00e9gorie C en A (intouchable).<\/p>\n\n\n\n<p>Alors, exer\u00e7ant nos droits de citoyens, nous d\u00e9cid\u00e2mes d\u2019interpeller le conseil communal comme un r\u00e8glement l\u2019y autorise.<\/p>\n\n\n\n<p>C\u2019est une premi\u00e8re !<\/p>\n\n\n\n<p>Par bus complets, nous investissons l\u2019h\u00f4tel de ville de Charleroi.<br>L\u2019exploitant et sa clique sont pr\u00e9sents, la salle du conseil est trop petite, il y a quelque 400 personnes. La tension est tr\u00e8s vive, quelques noms d\u2019oiseaux fusent\u2026 Nous gardons notre calme.<\/p>\n\n\n\n<p>Apr\u00e8s avoir expos\u00e9 nos arguments, largement appuy\u00e9s par un montage de diapositives, autre premi\u00e8re, il y eut d\u00e9bat\u2026 et vote :<\/p>\n\n\n\n<p>\u00ab <strong>Le conseil refuse l\u2019exploitation <\/strong>\u00bb<\/p>\n\n\n\n<p>Alors, jouant le tout pour le tout, <em>Ryan <\/em>modifie pour la \u00e9ni\u00e8me fois son dossier et le repr\u00e9sente aux autorit\u00e9s, tentant ainsi de les faire revenir sur leur d\u00e9cision.<\/p>\n\n\n\n<p>Mais ne voulant d\u00e9cider qu\u2019en toute connaissance de cause, le conseil va au charbon !<\/p>\n\n\n\n<hr class=\"wp-block-separator has-alpha-channel-opacity\"\/>\n\n\n\n<h2 class=\"wp-block-heading\">Une premi\u00e8re encore ! La s\u00e9ance du conseil communal aura lieu sur le site !<\/h2>\n\n\n\n<figure class=\"wp-block-image size-full\"><img loading=\"lazy\" decoding=\"async\" width=\"448\" height=\"303\" src=\"https:\/\/quartierdumartinet.be\/wp-content\/uploads\/2022\/05\/conseil_communal_sur_le_site.jpg\" alt=\"\" class=\"wp-image-55\" srcset=\"https:\/\/quartierdumartinet.be\/wp-content\/uploads\/2022\/05\/conseil_communal_sur_le_site.jpg 448w, https:\/\/quartierdumartinet.be\/wp-content\/uploads\/2022\/05\/conseil_communal_sur_le_site-300x203.jpg 300w, https:\/\/quartierdumartinet.be\/wp-content\/uploads\/2022\/05\/conseil_communal_sur_le_site-1x1.jpg 1w\" sizes=\"auto, (max-width: 448px) 85vw, 448px\" \/><figcaption><em>Le Rappel, 9 octobre 1990<\/em><\/figcaption><\/figure>\n\n\n\n<p>Sur place, Ryan re\u00e7oit et pr\u00e9sente les avantages de son dernier projet d\u2019exploitation.<\/p>\n\n\n\n<p>Quelques centaines de m\u00e8tres plus loin, au c\u0153ur du site, le comit\u00e9 accueille l\u2019assembl\u00e9e et motive son refus de vivre dans un paysage lunaire alors que chacun peut appr\u00e9cier l\u2019ampleur de la v\u00e9g\u00e9tation.<\/p>\n\n\n\n<p>Beaucoup de d\u00e9cideurs sont convaincus mais les arguments \u00e9conomiques restent toujours pr\u00e9sents !<\/p>\n\n\n\n<p>Il faudra encore quelques mois, une mobilisation permanente de la population et deux s\u00e9ances du conseil pour nous entendre dire :<\/p>\n\n\n\n<p>\u00ab <strong>Le terril doit \u00eatre prot\u00e9g\u00e9 tel quel, \u00e0 tout prix !<\/strong> \u00bb<\/p>\n\n\n\n<p class=\"has-white-color has-text-color has-background has-x-large-font-size\" style=\"background-color:#339933;text-transform:uppercase\"><strong>Premi\u00e8re victoire !<\/strong><\/p>\n\n\n\n<p class=\"has-large-font-size\">Suite : <a href=\"https:\/\/terrildumartinet.be\/index.php\/historique\/retour-a-la-case-depart\/\">Retour \u00e0 la case d\u00e9part !<\/a><\/p>\n","protected":false},"excerpt":{"rendered":"<p>Celui de faire passer le terril de la cat\u00e9gorie C en A (intouchable). Alors, exer\u00e7ant nos droits de citoyens, nous d\u00e9cid\u00e2mes d\u2019interpeller le conseil communal comme un r\u00e8glement l\u2019y autorise. C\u2019est une premi\u00e8re ! Par bus complets, nous investissons l\u2019h\u00f4tel de ville de Charleroi.L\u2019exploitant et sa clique sont pr\u00e9sents, la salle du conseil est trop &hellip; <a href=\"https:\/\/quartierdumartinet.be\/index.php\/historique\/pour-le-martinet-un-nouveau-pari-sengage\/\" class=\"more-link\">Continuer la lecture<span class=\"screen-reader-text\"> de &laquo;&nbsp;Pour le Martinet, un nouveau pari s&rsquo;engage !&nbsp;&raquo;<\/span><\/a><\/p>\n","protected":false},"author":1,"featured_media":0,"parent":20,"menu_order":5,"comment_status":"closed","ping_status":"closed","template":"","meta":{"footnotes":""},"class_list":["post-54","page","type-page","status-publish","hentry"],"_links":{"self":[{"href":"https:\/\/quartierdumartinet.be\/index.php\/wp-json\/wp\/v2\/pages\/54","targetHints":{"allow":["GET"]}}],"collection":[{"href":"https:\/\/quartierdumartinet.be\/index.php\/wp-json\/wp\/v2\/pages"}],"about":[{"href":"https:\/\/quartierdumartinet.be\/index.php\/wp-json\/wp\/v2\/types\/page"}],"author":[{"embeddable":true,"href":"https:\/\/quartierdumartinet.be\/index.php\/wp-json\/wp\/v2\/users\/1"}],"replies":[{"embeddable":true,"href":"https:\/\/quartierdumartinet.be\/index.php\/wp-json\/wp\/v2\/comments?post=54"}],"version-history":[{"count":7,"href":"https:\/\/quartierdumartinet.be\/index.php\/wp-json\/wp\/v2\/pages\/54\/revisions"}],"predecessor-version":[{"id":433,"href":"https:\/\/quartierdumartinet.be\/index.php\/wp-json\/wp\/v2\/pages\/54\/revisions\/433"}],"up":[{"embeddable":true,"href":"https:\/\/quartierdumartinet.be\/index.php\/wp-json\/wp\/v2\/pages\/20"}],"wp:attachment":[{"href":"https:\/\/quartierdumartinet.be\/index.php\/wp-json\/wp\/v2\/media?parent=54"}],"curies":[{"name":"wp","href":"https:\/\/api.w.org\/{rel}","templated":true}]}}