{"id":60,"date":"2022-05-31T10:03:01","date_gmt":"2022-05-31T08:03:01","guid":{"rendered":"https:\/\/terrildumartinet.be\/?page_id=60"},"modified":"2026-01-31T18:23:03","modified_gmt":"2026-01-31T17:23:03","slug":"retour-a-la-case-depart","status":"publish","type":"page","link":"https:\/\/quartierdumartinet.be\/index.php\/historique\/retour-a-la-case-depart\/","title":{"rendered":"Retour \u00e0 la case d\u00e9part !"},"content":{"rendered":"\n<p>Mais attention, la R\u00e9gion Wallonne doit encore effectuer des investigations compl\u00e9mentaires pour \u00e9ventuellement passer de la cat\u00e9gorie C en A. Elles sont organis\u00e9es et des experts sont d\u00e9sign\u00e9s.<\/p>\n\n\n\n<p>\u00c0 l\u2019issue de tr\u00e8s tr\u00e8s difficiles et interminables r\u00e9unions, un rapport sort avec des \u00e9l\u00e9ments tant\u00f4t favorables, tant\u00f4t d\u00e9favorables.<\/p>\n\n\n\n<p>Mais vu les manipulations administratives et juridiques relev\u00e9es par le comit\u00e9, le rapport sera frapp\u00e9 de nullit\u00e9.<\/p>\n\n\n\n<figure class=\"wp-block-image size-full\"><a href=\"https:\/\/terrildumartinet.be\/wp-content\/uploads\/2022\/05\/vif_express_07061991.jpg\"><img loading=\"lazy\" decoding=\"async\" width=\"706\" height=\"1024\" src=\"https:\/\/terrildumartinet.be\/wp-content\/uploads\/2022\/05\/vif_express_07061991.jpg\" alt=\"\" class=\"wp-image-61\" srcset=\"https:\/\/quartierdumartinet.be\/wp-content\/uploads\/2022\/05\/vif_express_07061991.jpg 706w, https:\/\/quartierdumartinet.be\/wp-content\/uploads\/2022\/05\/vif_express_07061991-207x300.jpg 207w, https:\/\/quartierdumartinet.be\/wp-content\/uploads\/2022\/05\/vif_express_07061991-1x1.jpg 1w\" sizes=\"auto, (max-width: 706px) 85vw, 706px\" \/><\/a><\/figure>\n\n\n\n<p class=\"has-large-font-size\">Suite : <a href=\"https:\/\/quartierdumartinet.be\/index.php\/historique\/un-squatt-a-bastogne\/\">Un squatt \u00e0 Bastogne<\/a><\/p>\n","protected":false},"excerpt":{"rendered":"<p>Mais attention, la R\u00e9gion Wallonne doit encore effectuer des investigations compl\u00e9mentaires pour \u00e9ventuellement passer de la cat\u00e9gorie C en A. Elles sont organis\u00e9es et des experts sont d\u00e9sign\u00e9s. \u00c0 l\u2019issue de tr\u00e8s tr\u00e8s difficiles et interminables r\u00e9unions, un rapport sort avec des \u00e9l\u00e9ments tant\u00f4t favorables, tant\u00f4t d\u00e9favorables. Mais vu les manipulations administratives et juridiques relev\u00e9es &hellip; <a href=\"https:\/\/quartierdumartinet.be\/index.php\/historique\/retour-a-la-case-depart\/\" class=\"more-link\">Continuer la lecture<span class=\"screen-reader-text\"> de &laquo;&nbsp;Retour \u00e0 la case d\u00e9part !&nbsp;&raquo;<\/span><\/a><\/p>\n","protected":false},"author":1,"featured_media":0,"parent":20,"menu_order":6,"comment_status":"closed","ping_status":"closed","template":"","meta":{"footnotes":""},"class_list":["post-60","page","type-page","status-publish","hentry"],"_links":{"self":[{"href":"https:\/\/quartierdumartinet.be\/index.php\/wp-json\/wp\/v2\/pages\/60","targetHints":{"allow":["GET"]}}],"collection":[{"href":"https:\/\/quartierdumartinet.be\/index.php\/wp-json\/wp\/v2\/pages"}],"about":[{"href":"https:\/\/quartierdumartinet.be\/index.php\/wp-json\/wp\/v2\/types\/page"}],"author":[{"embeddable":true,"href":"https:\/\/quartierdumartinet.be\/index.php\/wp-json\/wp\/v2\/users\/1"}],"replies":[{"embeddable":true,"href":"https:\/\/quartierdumartinet.be\/index.php\/wp-json\/wp\/v2\/comments?post=60"}],"version-history":[{"count":6,"href":"https:\/\/quartierdumartinet.be\/index.php\/wp-json\/wp\/v2\/pages\/60\/revisions"}],"predecessor-version":[{"id":1943,"href":"https:\/\/quartierdumartinet.be\/index.php\/wp-json\/wp\/v2\/pages\/60\/revisions\/1943"}],"up":[{"embeddable":true,"href":"https:\/\/quartierdumartinet.be\/index.php\/wp-json\/wp\/v2\/pages\/20"}],"wp:attachment":[{"href":"https:\/\/quartierdumartinet.be\/index.php\/wp-json\/wp\/v2\/media?parent=60"}],"curies":[{"name":"wp","href":"https:\/\/api.w.org\/{rel}","templated":true}]}}