{"id":718,"date":"2023-09-20T09:21:30","date_gmt":"2023-09-20T07:21:30","guid":{"rendered":"https:\/\/quartierdumartinet.be\/?page_id=718"},"modified":"2023-09-20T09:21:31","modified_gmt":"2023-09-20T07:21:31","slug":"miel-du-martinet","status":"publish","type":"page","link":"https:\/\/quartierdumartinet.be\/index.php\/miel-du-martinet\/","title":{"rendered":"Miel du Martinet  !"},"content":{"rendered":"\n<p>Le miel d&rsquo;\u00e9t\u00e9 2023 des terrils du Martinet est arriv\u00e9 !<br><br>Vous pouvez l&rsquo; acheter ou r\u00e9server votre commande<br><strong>Contact:<\/strong> Pierre Vandevorden    49 Rue Limelette  6044 ROUX  tel o478 47 29 84<br>mail :     pierre_vdv1@hotmail.com<br><strong>Pot de 500gr au prix de 9,5 \u20ac<\/strong><\/p>\n\n\n\n<p><\/p>\n\n\n\n<p><\/p>\n","protected":false},"excerpt":{"rendered":"<p>Le miel d&rsquo;\u00e9t\u00e9 2023 des terrils du Martinet est arriv\u00e9 ! Vous pouvez l&rsquo; acheter ou r\u00e9server votre commandeContact: Pierre Vandevorden 49 Rue Limelette 6044 ROUX tel o478 47 29 84mail : pierre_vdv1@hotmail.comPot de 500gr au prix de 9,5 \u20ac<\/p>\n","protected":false},"author":2,"featured_media":0,"parent":0,"menu_order":0,"comment_status":"closed","ping_status":"closed","template":"","meta":{"footnotes":""},"class_list":["post-718","page","type-page","status-publish","hentry"],"_links":{"self":[{"href":"https:\/\/quartierdumartinet.be\/index.php\/wp-json\/wp\/v2\/pages\/718","targetHints":{"allow":["GET"]}}],"collection":[{"href":"https:\/\/quartierdumartinet.be\/index.php\/wp-json\/wp\/v2\/pages"}],"about":[{"href":"https:\/\/quartierdumartinet.be\/index.php\/wp-json\/wp\/v2\/types\/page"}],"author":[{"embeddable":true,"href":"https:\/\/quartierdumartinet.be\/index.php\/wp-json\/wp\/v2\/users\/2"}],"replies":[{"embeddable":true,"href":"https:\/\/quartierdumartinet.be\/index.php\/wp-json\/wp\/v2\/comments?post=718"}],"version-history":[{"count":2,"href":"https:\/\/quartierdumartinet.be\/index.php\/wp-json\/wp\/v2\/pages\/718\/revisions"}],"predecessor-version":[{"id":720,"href":"https:\/\/quartierdumartinet.be\/index.php\/wp-json\/wp\/v2\/pages\/718\/revisions\/720"}],"wp:attachment":[{"href":"https:\/\/quartierdumartinet.be\/index.php\/wp-json\/wp\/v2\/media?parent=718"}],"curies":[{"name":"wp","href":"https:\/\/api.w.org\/{rel}","templated":true}]}}